{"id":2,"date":"2008-10-22T08:14:00","date_gmt":"2008-10-22T06:14:00","guid":{"rendered":"http:\/\/blogs.bl0rg.net\/imaginos\/?page_id=2"},"modified":"2020-04-24T00:03:42","modified_gmt":"2020-04-23T23:03:42","slug":"imaginos","status":"publish","type":"page","link":"https:\/\/blogs.bl0rg.net\/imaginos\/imaginos\/","title":{"rendered":"Imaginos"},"content":{"rendered":"\n<p class=\"justifier\">Blog \u00ab\u00a0futile et sans pr\u00e9tention\u00a0\u00bb, destin\u00e9 aux membres de ma <em>tribu<\/em>.<br>(ce qui ne veut pas dire que certains des billets, opinions, informations et coups de gueule post\u00e9s ici ne puissent pas pr\u00e9senter un int\u00e9r\u00eat pour les \u00e9trangers de passage)<\/p>\n\n\n\n<p class=\"justifier\"><em>(allez \u00e7a suffit, y en a marre des dizaines de tentatives de spam sur cette page, j&rsquo;en ferme les commentaires ; vous me contacterez ailleurs si vous avez quelque chose \u00e0 me dire)<\/em><\/p>\n","protected":false},"excerpt":{"rendered":"<p>Blog \u00ab\u00a0futile et sans pr\u00e9tention\u00a0\u00bb, destin\u00e9 aux membres de ma tribu.(ce qui ne veut pas dire que certains des billets, opinions, informations et coups de gueule post\u00e9s ici ne puissent pas pr\u00e9senter un int\u00e9r\u00eat pour les \u00e9trangers de passage) (allez &hellip; <a href=\"https:\/\/blogs.bl0rg.net\/imaginos\/imaginos\/\">Continuer la lecture <span class=\"meta-nav\">&rarr;<\/span><\/a><\/p>\n","protected":false},"author":1,"featured_media":0,"parent":0,"menu_order":0,"comment_status":"closed","ping_status":"open","template":"","meta":{"footnotes":""},"_links":{"self":[{"href":"https:\/\/blogs.bl0rg.net\/imaginos\/wp-json\/wp\/v2\/pages\/2"}],"collection":[{"href":"https:\/\/blogs.bl0rg.net\/imaginos\/wp-json\/wp\/v2\/pages"}],"about":[{"href":"https:\/\/blogs.bl0rg.net\/imaginos\/wp-json\/wp\/v2\/types\/page"}],"author":[{"embeddable":true,"href":"https:\/\/blogs.bl0rg.net\/imaginos\/wp-json\/wp\/v2\/users\/1"}],"replies":[{"embeddable":true,"href":"https:\/\/blogs.bl0rg.net\/imaginos\/wp-json\/wp\/v2\/comments?post=2"}],"version-history":[{"count":7,"href":"https:\/\/blogs.bl0rg.net\/imaginos\/wp-json\/wp\/v2\/pages\/2\/revisions"}],"predecessor-version":[{"id":32118,"href":"https:\/\/blogs.bl0rg.net\/imaginos\/wp-json\/wp\/v2\/pages\/2\/revisions\/32118"}],"wp:attachment":[{"href":"https:\/\/blogs.bl0rg.net\/imaginos\/wp-json\/wp\/v2\/media?parent=2"}],"curies":[{"name":"wp","href":"https:\/\/api.w.org\/{rel}","templated":true}]}}